{"id":133,"date":"2020-03-22T19:47:43","date_gmt":"2020-03-22T19:47:43","guid":{"rendered":"http:\/\/bee-yourself.eu\/?page_id=133"},"modified":"2020-03-22T20:01:14","modified_gmt":"2020-03-22T20:01:14","slug":"impressum-2","status":"publish","type":"page","link":"https:\/\/bee-yourself.eu\/?page_id=133","title":{"rendered":"Impressum"},"content":{"rendered":"\n<p>Astrid Bee<br>Hermann-L\u00f6ns-Str. 81<br>33104 Paderborn<\/p>\n\n\n\n<p><strong>Mobil:<\/strong> 0176 7080 1511<\/p>\n\n\n\n<p><strong>E-Mail:<\/strong> <a href=\"mailto:info@bee-yourself.eu\">info@bee-yourself.eu<\/a><br>             <a href=\"http:\/\/www.bee-yourself.eu\">www.bee-yourself.eu<\/a><\/p>\n\n\n\n<h2 class=\"wp-block-heading\">Haftungsausschluss<\/h2>\n\n\n\n<p><strong>Haftung f\u00fcr Inhalte<\/strong><\/p>\n\n\n\n<p>F\u00fcr die Richtigkeit, Vollst\u00e4ndigkeit und Aktualit\u00e4t der Inhalte dieser Seiten, die mit gro\u00dfer Sorgfalt erstellt wurden, kann ich&nbsp;keine Gew\u00e4hr \u00fcbernehmen.<br>F\u00fcr eigene Inhalte auf diesen Seiten bin ich als Dienstanbieter, gem\u00e4\u00df \u00a7 7 Abs.1 TMG, nach den allgemeinen Gesetzen verantwortlich. Ich bin jedoch nicht verpflichtet, \u00fcbermittelte oder gespeicherte fremde Informationen zu \u00fcberwachen oder nach Umst\u00e4nden zu forschen, die auf eine rechtswidrige T\u00e4tigkeit hinweisen. Bei Bekanntwerden von entsprechenden Rechtsverletzungen werde ich diese Inhalte umgehend entfernen.<\/p>\n\n\n\n<p><strong>Haftung f\u00fcr Links<\/strong><br>Auch wenn ich gro\u00dfe Sorgfalt darauf verwende, qualitativ gute Links anzubieten, erkl\u00e4re ich hiermit, dass ich f\u00fcr die Inhalte der verlinkten Sites keine Verantwortung \u00fcbernehme und ich diese nicht zu eigen machen. Diese Erkl\u00e4rung gilt f\u00fcr alle auf dieser Website angebrachten Links.<br>In keinem Fall bin ich verantwortlich f\u00fcr die Inhalte von Internetseiten, die auf www.bee-yourself.eu&nbsp;verweisen. Ich bin auch nicht in der Lage, Verweise auf www.bee-yourself.eu&nbsp;festzustellen oder zu \u00fcberpr\u00fcfen.<\/p>\n\n\n\n<p><strong>Urheberrecht<\/strong><br>Die durch mich erstellten Inhalte und Werke auf diesen Seiten unterliegen dem deutschen Urheberrecht. Beitr\u00e4ge Dritter w\u00e4ren als solche gekennzeichnet. Die Vervielf\u00e4ltigung, Bearbeitung, Verbreitung und jede Art der Verwertung au\u00dferhalb der Grenzen des Urheberrechtes bed\u00fcrfen der schriftlichen Zustimmung des jeweiligen Erstellers. Selbiges gilt in allen Punkten auch f\u00fcr diese Website.<\/p>\n","protected":false},"excerpt":{"rendered":"<p>Astrid BeeHermann-L\u00f6ns-Str. 8133104 Paderborn Mobil: 0176 7080 1511 E-Mail: info@bee-yourself.eu www.bee-yourself.eu Haftungsausschluss Haftung f\u00fcr Inhalte F\u00fcr die Richtigkeit, Vollst\u00e4ndigkeit und Aktualit\u00e4t der Inhalte dieser Seiten, die mit gro\u00dfer Sorgfalt erstellt wurden, kann ich&nbsp;keine Gew\u00e4hr \u00fcbernehmen.F\u00fcr eigene Inhalte auf diesen Seiten bin ich als Dienstanbieter, gem\u00e4\u00df \u00a7 7 Abs.1 TMG, nach den allgemeinen Gesetzen verantwortlich. Ich &#8230; <a title=\"Impressum\" class=\"read-more\" href=\"https:\/\/bee-yourself.eu\/?page_id=133\">Weiterlesen <span class=\"screen-reader-text\">Impressum<\/span><\/a><\/p>\n","protected":false},"author":1,"featured_media":0,"parent":37,"menu_order":10,"comment_status":"closed","ping_status":"closed","template":"","meta":{"footnotes":""},"_links":{"self":[{"href":"https:\/\/bee-yourself.eu\/index.php?rest_route=\/wp\/v2\/pages\/133"}],"collection":[{"href":"https:\/\/bee-yourself.eu\/index.php?rest_route=\/wp\/v2\/pages"}],"about":[{"href":"https:\/\/bee-yourself.eu\/index.php?rest_route=\/wp\/v2\/types\/page"}],"author":[{"embeddable":true,"href":"https:\/\/bee-yourself.eu\/index.php?rest_route=\/wp\/v2\/users\/1"}],"replies":[{"embeddable":true,"href":"https:\/\/bee-yourself.eu\/index.php?rest_route=%2Fwp%2Fv2%2Fcomments&post=133"}],"version-history":[{"count":5,"href":"https:\/\/bee-yourself.eu\/index.php?rest_route=\/wp\/v2\/pages\/133\/revisions"}],"predecessor-version":[{"id":146,"href":"https:\/\/bee-yourself.eu\/index.php?rest_route=\/wp\/v2\/pages\/133\/revisions\/146"}],"up":[{"embeddable":true,"href":"https:\/\/bee-yourself.eu\/index.php?rest_route=\/wp\/v2\/pages\/37"}],"wp:attachment":[{"href":"https:\/\/bee-yourself.eu\/index.php?rest_route=%2Fwp%2Fv2%2Fmedia&parent=133"}],"curies":[{"name":"wp","href":"https:\/\/api.w.org\/{rel}","templated":true}]}}