{"id":138,"date":"2020-03-22T19:52:58","date_gmt":"2020-03-22T19:52:58","guid":{"rendered":"http:\/\/bee-yourself.eu\/?page_id=138"},"modified":"2020-03-22T19:52:58","modified_gmt":"2020-03-22T19:52:58","slug":"datenschutzerklaerung","status":"publish","type":"page","link":"https:\/\/bee-yourself.eu\/?page_id=138","title":{"rendered":"Datenschutzerkl\u00e4rung"},"content":{"rendered":"\n<p>Diese Datenschutzerkl\u00e4rung soll die Nutzer dieser Website \u00fcber die Art, den Umfang und den Zweck der Erhebung und Verwendung personenbezogener Daten durch mich als Websitebetreiber informieren:<br><br> Astrid Bee<br> Coaching f\u00fcr K\u00f6rper, Geist und Seele<br> Hermann-L\u00f6ns-Str. 81<br> 33104 Paderborn<\/p>\n\n\n\n<p>Als\nVerantwortliche nehme ich Datenschutz sehr ernst und behandele Ihre\npersonenbezogenen Daten vertraulich und entsprechend der gesetzlichen\nVorschriften. <\/p>\n\n\n\n<p>Definitionen\nder verwendeten Begriffe (z. B. \u201epersonenbezogene Daten\u201d oder \u201eVerarbeitung\u201d)\nfinden Sie in Art. 4 DSGVO. <a href=\"https:\/\/www.datenschutz-grundverordnung.eu\/grundverordnung\/art-4-ds-gvo\/\">https:\/\/www.datenschutz-grundverordnung.eu\/grundverordnung\/art-4-ds-gvo\/<\/a><\/p>\n\n\n\n<p>Eine Nutzung meiner\nInternetseite www.bee-yourself.eu\nist grunds\u00e4tzlich ohne jede\nAngabe personenbezogener Daten m\u00f6glich. Sofern Sie als BesucherIn besondere Dienste\nmeines Unternehmens \u00fcber meine Internetseite in Anspruch nehmen m\u00f6chten, k\u00f6nnte\njedoch eine Verarbeitung personenbezogener Daten erforderlich werden. Sollte dies\nder Fall sein, hole ich generell eine Einwilligung von Ihnen ein.<\/p>\n\n\n\n<p>Die Verarbeitung Ihrer\npersonenbezogenen Daten umfasst beispielsweise Ihren Namen, Anschrift,\nE-Mail-Adresse und\/oder Telefonnummer und erfolgt stets im Einklang mit der\nDatenschutz-Grundverordnung und in \u00dcbereinstimmung der f\u00fcr mich geltenden\nlandesspezifischen Datenschutzbestimmungen. <\/p>\n\n\n\n<p>Um einen\nm\u00f6glichst l\u00fcckenlosen Schutz der von mir gespeicherten personenbezogenen Daten\ngew\u00e4hrleisten zu k\u00f6nnen, habe ich entsprechende technische und organisatorische\nMa\u00dfnahmen umgesetzt. Dennoch k\u00f6nnen internetbasierte Daten\u00fcbertragungen\ngrunds\u00e4tzlich Sicherheitsl\u00fccken aufweisen, sodass ein absoluter Schutz nicht\ngew\u00e4hrleistet werden kann. Aus diesem Grund steht es Ihnen frei,\npersonenbezogene Daten auch auf anderen Wegen, wie beispielsweise telefonisch,\nan mich zu \u00fcbermitteln.<\/p>\n\n\n\n<p><strong>Erfassung von allgemeinen\nDaten und Informationen<\/strong><strong> <\/strong><strong><\/strong><\/p>\n\n\n\n<p>Meine Internetseite www.bee-yourself.eu erfasst automatisch mit jedem Aufruf eine Reihe von allgemeinen Daten und Informationen. Diese werden in den Logfiles des Servers gespeichert. <br>Folgende Daten werden protokolliert: <\/p>\n\n\n\n<ul><li>besuchte\nWebsite <\/li><li>Uhrzeit\nzum Zeitpunkt des Zugriffes <\/li><li>Menge\nder gesendeten Daten in Byte <\/li><li>Webseite,\nvon welcher aus Sie auf meine Seite gelangt sind (sog. Referrer URL)<\/li><li>verwendeter\nBrowser <\/li><li>verwendetes\nBetriebssystem <\/li><li>verwendete\nIP-Adresse <\/li><\/ul>\n\n\n\n<p>Diese anonym\nerhobenen Daten und Informationen werden mit dem Ziel festgehalten, den\nDatenschutz und die Datensicherheit zu erh\u00f6hen, um letztlich ein optimales\nSchutzniveau f\u00fcr die von mir verarbeiteten personenbezogenen Daten\nsicherzustellen. Die anonymen Daten der Server-Logfiles werden getrennt von\nallen anderen angegebenen personenbezogenen Daten gespeichert.<\/p>\n\n\n\n<p><strong>Kontaktm\u00f6glichkeit \u00fcber die\nInternetseite<\/strong><strong><\/strong><\/p>\n\n\n\n<p>Nehmen Sie mit mir als Webseitenbetreiber durch die\nangebotene Kontaktm\u00f6glichkeit per E-Mail oder per Kontaktformular Verbindung\nauf, werden Ihre Angaben gespeichert. Die E-Mails werden zur Bearbeitung der\nAnfrage und f\u00fcr die Archivierung der Vorg\u00e4nge gespeichert. Die E-Mail-Adresse\nspeichere ich, damit ich auf sie zur Bearbeitung und Beantwortung Ihrer Anfrage\nzur\u00fcckgreifen kann. Diese personenbezogenen Daten werden nicht an Dritte\nweitergegeben. <\/p>\n\n\n\n<p>Ich weise darauf hin, dass\nMitteilungen \u00fcber E-Mail bzw. das Kontaktformular generell keine sichere\nKommunikation darstellt und Sicherheitsl\u00fccken aufweisen kann. Diese Formen der\nKommunikation sind freiwillig. Ein l\u00fcckenloser Schutz der Daten vor dem Zugriff\ndurch Dritte ist nicht zuverl\u00e4ssig m\u00f6glich. Ich hafte nicht f\u00fcr Fehler, die bei\nder Kommunikation \u00fcber das Kontaktformular oder per E-Mail bzw. bei der\nDaten\u00fcbermittlung im Internet auftreten k\u00f6nnen.<\/p>\n\n\n\n<p><strong>Cookies<\/strong><\/p>\n\n\n\n<p>Diese Internetseite verwendet keine Cookies. <\/p>\n\n\n\n<p><strong>Externe Inhalte und Funktionserweiterungen<\/strong><\/p>\n\n\n\n<p>M\u00f6glicherweise verwendet diese Website externe Inhalte oder\nexterne technische Erweiterungen, die von Servern Dritter abgerufen werden.\nDiese dienen als Bestandteil unserer Seiten der direkten Erweiterung und\nVerbesserung unseres Online Angebotes, wie z. B. Videos oder Player f\u00fcr Videos.\nRufen Sie eine Webseite mit eingebundenem Inhalt auf, wird technisch bedingt\nein Kontakt zu diesem Server aufgebaut. Es kann nicht gew\u00e4hrleistet werden,\ninwieweit extern Daten der Verbindung gespeichert werden. Ich versichere aber,\ndass keine bei mir gespeicherten Daten an den Dienstleister gegeben werden oder\nvon mir mit pers\u00f6nlichen Daten zusammengef\u00fchrt werden. <\/p>\n\n\n\n<p><strong>Rechte der betroffenen Person<\/strong><strong><\/strong><\/p>\n\n\n\n<p>Sie haben das Recht auf Auskunft, Berichtigung\nfalscher Daten und auf die Verarbeitungseinschr\u00e4nkung oder L\u00f6schung Ihrer\npersonenbezogenen Daten. Sollten Sie annehmen, dass Ihre Daten unrechtm\u00e4\u00dfig\nverarbeitet wurden, k\u00f6nnen Sie eine Beschwerde bei der zust\u00e4ndigen\nAufsichtsbeh\u00f6rde einreichen.<\/p>\n\n\n\n<p><strong>Auskunftsrecht<\/strong><\/p>\n\n\n\n<p>Sie haben jederzeit das Recht auf\nAuskunft \u00fcber die bez\u00fcglich Ihrer Person gespeicherten Daten, deren Herkunft\nund Empf\u00e4nger sowie den Zweck der Speicherung. Bei Bedarf der Auskunft,\nsprechen Sie mich gerne an. <\/p>\n\n\n\n<p><strong>Recht auf\nBerichtigung<\/strong><\/p>\n\n\n\n<p>Sie haben ein Recht auf Berichtigung\nund\/oder Vervollst\u00e4ndigung Ihrer von mir verarbeiteten personenbezogenen Daten,\nsofern diese, unrichtig oder unvollst\u00e4ndig sind. Ich bin verpflichtet, die\nBerichtigung unverz\u00fcglich vorzunehmen.<\/p>\n\n\n\n<p><strong>Recht auf\nBeschwerde bei einer Aufsichtsbeh\u00f6rde<\/strong><\/p>\n\n\n\n<p>Unbeschadet eines anderweitigen\nverwaltungsrechtlichen oder gerichtlichen Rechtsbehelfs steht Ihnen das Recht\nauf Beschwerde bei einer Aufsichtsbeh\u00f6rde zu, wenn Sie der Ansicht sind, dass\ndie Verarbeitung der Sie betreffenden personenbezogenen Daten gegen die DSGVO\nverst\u00f6\u00dft.<\/p>\n\n\n\n<p><strong>Widerspruchsrecht <\/strong><\/p>\n\n\n\n<p>Nutzer dieser Webseite k\u00f6nnen von\nihrem Widerspruchsrecht Gebrauch machen und der Verarbeitung ihrer\npersonenbezogenen Daten zu jeder Zeit widersprechen. Wenn Sie eine\nBerichtigung, Sperrung, L\u00f6schung oder Auskunft \u00fcber die zu Ihrer Person\ngespeicherten personenbezogenen Daten w\u00fcnschen oder Fragen bzgl. der Erhebung,\nVerarbeitung oder Verwendung Ihrer personenbezogenen Daten haben oder erteilte\nEinwilligungen widerrufen m\u00f6chten, wenden Sie sich bitte an folgende E-Mail-Adresse:\n<a href=\"mailto:info@bee-yourself.eu\">info@bee-yourself.eu<\/a><\/p>\n\n\n\n<p><strong>SSL-Verschl\u00fcsselung<\/strong><strong><\/strong><\/p>\n\n\n\n<p>Unsere Webseite bedient sich einer\nSSL-Verschl\u00fcsselung, wenn es um die \u00dcbermittlung vertraulicher oder\npers\u00f6nlicher Inhalte unserer Nutzer geht. Diese Verschl\u00fcsslung wird zum\nBeispiel bei der Abwicklung des Zahlungsverkehrs sowie bei Anfragen aktiviert,\ndie Sie an uns \u00fcber unsere Webseite stellen. Achten Sie bitte darauf, dass die\nSSL-Verschl\u00fcsselung bei entsprechenden Aktivit\u00e4ten von Ihrer Seite her\naktiviert ist. Der Einsatz der Verschl\u00fcsselung ist leicht zu erkennen: Die\nAnzeige in Ihrer Browserzeile wechselt von \u201ehttp:\/\/\u201c zu \u201ehttps:\/\/\u201c. \u00dcber SSL\nverschl\u00fcsselte Daten sind nicht von Dritten lesbar. \u00dcbermitteln Sie Ihre\nvertraulichen Informationen nur bei aktivierter SSL-Verschl\u00fcsselung und wenden\nSie sich im Zweifel an uns.<\/p>\n\n\n\n<p><strong>Weitere\nInformationen<\/strong><\/p>\n\n\n\n<p>Wenn Sie Fragen haben, die Ihnen diese\nDatenschutzerkl\u00e4rung nicht beantworten konnte oder wenn Sie zu einem Punkt\ngenauere Informationen w\u00fcnschen, wenden Sie sich bitte an mich.<\/p>\n\n\n\n<p>(Stand: Mai 2018)<\/p>\n\n\n\n<p>Astrid Bee<\/p>\n\n\n\n<p><strong>Telefon:&nbsp;<\/strong>+49(0)5254 9318118<br><strong>Email:<\/strong> info@bee-yourself.eu <br><strong>Webseite:<\/strong> www.bee-yourself.eu<\/p>\n\n\n<p><!--EndFragment--><\/p>","protected":false},"excerpt":{"rendered":"<p>Diese Datenschutzerkl\u00e4rung soll die Nutzer dieser Website \u00fcber die Art, den Umfang und den Zweck der Erhebung und Verwendung personenbezogener Daten durch mich als Websitebetreiber informieren: Astrid Bee Coaching f\u00fcr K\u00f6rper, Geist und Seele Hermann-L\u00f6ns-Str. 81 33104 Paderborn Als Verantwortliche nehme ich Datenschutz sehr ernst und behandele Ihre personenbezogenen Daten vertraulich und entsprechend der gesetzlichen &#8230; <a title=\"Datenschutzerkl\u00e4rung\" class=\"read-more\" href=\"https:\/\/bee-yourself.eu\/?page_id=138\">Weiterlesen <span class=\"screen-reader-text\">Datenschutzerkl\u00e4rung<\/span><\/a><\/p>\n","protected":false},"author":1,"featured_media":0,"parent":37,"menu_order":11,"comment_status":"closed","ping_status":"closed","template":"","meta":{"footnotes":""},"_links":{"self":[{"href":"https:\/\/bee-yourself.eu\/index.php?rest_route=\/wp\/v2\/pages\/138"}],"collection":[{"href":"https:\/\/bee-yourself.eu\/index.php?rest_route=\/wp\/v2\/pages"}],"about":[{"href":"https:\/\/bee-yourself.eu\/index.php?rest_route=\/wp\/v2\/types\/page"}],"author":[{"embeddable":true,"href":"https:\/\/bee-yourself.eu\/index.php?rest_route=\/wp\/v2\/users\/1"}],"replies":[{"embeddable":true,"href":"https:\/\/bee-yourself.eu\/index.php?rest_route=%2Fwp%2Fv2%2Fcomments&post=138"}],"version-history":[{"count":2,"href":"https:\/\/bee-yourself.eu\/index.php?rest_route=\/wp\/v2\/pages\/138\/revisions"}],"predecessor-version":[{"id":140,"href":"https:\/\/bee-yourself.eu\/index.php?rest_route=\/wp\/v2\/pages\/138\/revisions\/140"}],"up":[{"embeddable":true,"href":"https:\/\/bee-yourself.eu\/index.php?rest_route=\/wp\/v2\/pages\/37"}],"wp:attachment":[{"href":"https:\/\/bee-yourself.eu\/index.php?rest_route=%2Fwp%2Fv2%2Fmedia&parent=138"}],"curies":[{"name":"wp","href":"https:\/\/api.w.org\/{rel}","templated":true}]}}