{"id":32,"date":"2020-03-21T22:18:51","date_gmt":"2020-03-21T22:18:51","guid":{"rendered":"http:\/\/bee-yourself.eu\/?page_id=32"},"modified":"2020-04-01T20:13:00","modified_gmt":"2020-04-01T20:13:00","slug":"aktuelles","status":"publish","type":"page","link":"https:\/\/bee-yourself.eu\/?page_id=32","title":{"rendered":"Aktuelles"},"content":{"rendered":"\n<p><strong>Meditationsgruppe<\/strong><\/p>\n\n\n\n<p>Aus aktuellem Anlass finden die gemeinsamen Meditationen online statt. Die Termine werden am linken Rand \u00fcber Aktuelles bekannt gegeben.<\/p>\n\n\n\n<p>Wenn du dabei sein m\u00f6chtest, kannst du dich einfach per E-Mail oder \u00fcber meine Handynummer anmelden.<\/p>\n\n\n\n<p>Wenn du magst, nehme ich dich gerne in die WhatsApp-Gruppe auf. Schreibe mir bitte \u00fcber meine Handynr. oder info@bee-yourself.eu eine Nachricht. Dann bekommst du die Info \u00fcber Themen und Termine per Whatsapp. <br><br>Der Datenschutz wird nat\u00fcrlich ber\u00fccksichtigt und die Gruppe wird ausschlie\u00dflich f\u00fcr Informationen zu Zeitpunkten und Technik genutzt.<\/p>\n\n\n\n<p>Bis bald und bleib gesund!! <\/p>\n\n\n\n<p><\/p>\n","protected":false},"excerpt":{"rendered":"<p>Meditationsgruppe Aus aktuellem Anlass finden die gemeinsamen Meditationen online statt. Die Termine werden am linken Rand \u00fcber Aktuelles bekannt gegeben. Wenn du dabei sein m\u00f6chtest, kannst du dich einfach per E-Mail oder \u00fcber meine Handynummer anmelden. Wenn du magst, nehme ich dich gerne in die WhatsApp-Gruppe auf. Schreibe mir bitte \u00fcber meine Handynr. oder info@bee-yourself.eu &#8230; <a title=\"Aktuelles\" class=\"read-more\" href=\"https:\/\/bee-yourself.eu\/?page_id=32\">Weiterlesen <span class=\"screen-reader-text\">Aktuelles<\/span><\/a><\/p>\n","protected":false},"author":1,"featured_media":0,"parent":0,"menu_order":4,"comment_status":"closed","ping_status":"closed","template":"","meta":{"footnotes":""},"_links":{"self":[{"href":"https:\/\/bee-yourself.eu\/index.php?rest_route=\/wp\/v2\/pages\/32"}],"collection":[{"href":"https:\/\/bee-yourself.eu\/index.php?rest_route=\/wp\/v2\/pages"}],"about":[{"href":"https:\/\/bee-yourself.eu\/index.php?rest_route=\/wp\/v2\/types\/page"}],"author":[{"embeddable":true,"href":"https:\/\/bee-yourself.eu\/index.php?rest_route=\/wp\/v2\/users\/1"}],"replies":[{"embeddable":true,"href":"https:\/\/bee-yourself.eu\/index.php?rest_route=%2Fwp%2Fv2%2Fcomments&post=32"}],"version-history":[{"count":9,"href":"https:\/\/bee-yourself.eu\/index.php?rest_route=\/wp\/v2\/pages\/32\/revisions"}],"predecessor-version":[{"id":394,"href":"https:\/\/bee-yourself.eu\/index.php?rest_route=\/wp\/v2\/pages\/32\/revisions\/394"}],"wp:attachment":[{"href":"https:\/\/bee-yourself.eu\/index.php?rest_route=%2Fwp%2Fv2%2Fmedia&parent=32"}],"curies":[{"name":"wp","href":"https:\/\/api.w.org\/{rel}","templated":true}]}}