{"id":374,"date":"2020-03-31T13:55:42","date_gmt":"2020-03-31T13:55:42","guid":{"rendered":"http:\/\/bee-yourself.eu\/?page_id=374"},"modified":"2022-01-04T14:20:32","modified_gmt":"2022-01-04T14:20:32","slug":"online-meditation-2","status":"publish","type":"page","link":"https:\/\/bee-yourself.eu\/?page_id=374","title":{"rendered":"Meditationsabende"},"content":{"rendered":"\n<p style=\"color:#31b025\" class=\"has-text-color has-medium-font-size\"><strong>Gemeinsam meditieren hat eine sehr starke Wirkung! <\/strong><\/p>\n\n\n\n<blockquote class=\"wp-block-quote is-style-large\"><p>Falls du glaubst, dass du zu klein bist, um etwas zu bewirken, dann versuche mal zu schlafen, wenn eine M\u00fccke im Raum ist. <\/p><cite>Dalai Lama<\/cite><\/blockquote>\n\n\n\n<p class=\"has-large-font-size\"><strong>Wir sind so viele. <\/strong><br><strong>Gemeinsam sind wir stark!! <\/strong><\/p>\n\n\n\n<p>Viele Versuche haben gezeigt, dass eine Frequenzanhebung gemessen werden kann, wenn ausreichend Menschen zeitgleich dieselben Gedanken denken, bzw. gemeinsam meditieren. <\/p>\n\n\n\n<p>So meditierte zum Beispiel in den neunziger Jahren eine gro\u00dfe Gruppe von Menschen, im Auftrag der Polizei von Washington DC, kontrolliert auf der ganzen Welt. Die dadurch erzeugte positive Energie f\u00fchrte dazu, dass in dieser gro\u00dfen Stadt die Kriminalit\u00e4t enorm sank. <\/p>\n\n\n\n<p>Mehr dazu: <a href=\"https:\/\/transinformation.net\/studien-zur-wirksamkeit-von-gruppen-meditationen\/\">https:\/\/transinformation.net\/studien-zur-wirksamkeit-von-gruppen-meditationen\/<\/a><\/p>\n\n\n\n<p>Seit Anfang 2020 finden hier regelm\u00e4\u00dfig Meditationsabende oder Workshops statt. (Teils online.)<\/p>\n\n\n\n<figure class=\"wp-block-table\"><table class=\"\"><tbody><tr><td>   <strong>Datum   <\/strong><\/td><td><strong>   Thema  <\/strong> <\/td><\/tr><tr><td>\n  M\u00e4rz 2020\n  <\/td><td>   <a href=\"https:\/\/bee-yourself.eu\/?page_id=77\">Virus der Liebe<\/a>   <\/td><\/tr><tr><td>\n  April 2020\n  <\/td><td>   <a href=\"https:\/\/bee-yourself.eu\/?page_id=382\">Energie anheben<\/a>   <\/td><\/tr><tr><td>\n  April 2020\n  <\/td><td>   <a href=\"https:\/\/bee-yourself.eu\/?page_id=398\">Heilung der Erde<\/a>   <\/td><\/tr><tr><td>\n  Juni2020\n  <\/td><td>   <a href=\"https:\/\/bee-yourself.eu\/?page_id=472\">Gottvertrauen   <\/a><\/td><\/tr><tr><td>\n  Juli 2020\n  <\/td><td>   <a href=\"https:\/\/bee-yourself.eu\/?page_id=514\">aktuelle Energiequalit\u00e4t <\/a>  <\/td><\/tr><tr><td>\n  Dezember 2020\n  <\/td><td>   Rauhn\u00e4chte und Wintersonnenwende<\/td><\/tr><tr><td>\n  Januar 2021\n  <\/td><td>   Segen f\u00fcr das neue Jahr<\/td><\/tr><tr><td>   &#8230;   &nbsp;   <\/td><td>   &nbsp;&#8230;<\/td><\/tr><tr><td>   Dezember 2021<\/td><td>  Workshop Rauhn\u00e4chte und Wintersonnenwende<\/td><\/tr><tr><td>   Januar 2022<\/td><td>  <a href=\"http:\/\/bee-yourself.eu\/?page_id=555\">Zoom &#8211; Rauhn\u00e4chte und Jahreswechsel<\/a><\/td><\/tr><\/tbody><\/table><\/figure>\n\n\n\n<p><\/p>\n","protected":false},"excerpt":{"rendered":"<p>Gemeinsam meditieren hat eine sehr starke Wirkung! Falls du glaubst, dass du zu klein bist, um etwas zu bewirken, dann versuche mal zu schlafen, wenn eine M\u00fccke im Raum ist. Dalai Lama Wir sind so viele. Gemeinsam sind wir stark!! Viele Versuche haben gezeigt, dass eine Frequenzanhebung gemessen werden kann, wenn ausreichend Menschen zeitgleich dieselben &#8230; <a title=\"Meditationsabende\" class=\"read-more\" href=\"https:\/\/bee-yourself.eu\/?page_id=374\">Weiterlesen <span class=\"screen-reader-text\">Meditationsabende<\/span><\/a><\/p>\n","protected":false},"author":1,"featured_media":0,"parent":32,"menu_order":9,"comment_status":"closed","ping_status":"closed","template":"","meta":{"footnotes":""},"_links":{"self":[{"href":"https:\/\/bee-yourself.eu\/index.php?rest_route=\/wp\/v2\/pages\/374"}],"collection":[{"href":"https:\/\/bee-yourself.eu\/index.php?rest_route=\/wp\/v2\/pages"}],"about":[{"href":"https:\/\/bee-yourself.eu\/index.php?rest_route=\/wp\/v2\/types\/page"}],"author":[{"embeddable":true,"href":"https:\/\/bee-yourself.eu\/index.php?rest_route=\/wp\/v2\/users\/1"}],"replies":[{"embeddable":true,"href":"https:\/\/bee-yourself.eu\/index.php?rest_route=%2Fwp%2Fv2%2Fcomments&post=374"}],"version-history":[{"count":13,"href":"https:\/\/bee-yourself.eu\/index.php?rest_route=\/wp\/v2\/pages\/374\/revisions"}],"predecessor-version":[{"id":682,"href":"https:\/\/bee-yourself.eu\/index.php?rest_route=\/wp\/v2\/pages\/374\/revisions\/682"}],"up":[{"embeddable":true,"href":"https:\/\/bee-yourself.eu\/index.php?rest_route=\/wp\/v2\/pages\/32"}],"wp:attachment":[{"href":"https:\/\/bee-yourself.eu\/index.php?rest_route=%2Fwp%2Fv2%2Fmedia&parent=374"}],"curies":[{"name":"wp","href":"https:\/\/api.w.org\/{rel}","templated":true}]}}