{"id":398,"date":"2020-04-01T20:18:53","date_gmt":"2020-04-01T20:18:53","guid":{"rendered":"http:\/\/bee-yourself.eu\/?page_id=398"},"modified":"2020-04-04T21:58:11","modified_gmt":"2020-04-04T21:58:11","slug":"3-meditation-heilung-der-erde-von-corona","status":"publish","type":"page","link":"https:\/\/bee-yourself.eu\/?page_id=398","title":{"rendered":"3 Meditation &#8222;Heilung der Erde von Corona&#8220;"},"content":{"rendered":"\n<p><strong>Weltweite Meditation am 5. April morgens um 4:45 Uhr<\/strong><\/p>\n\n\n\n<p>Nutzen wir die optimale astrologische Konstellation zu\ndiesem Zeitpunkt am Sonntag fr\u00fch um 4:45 Uhr und senden unsere W\u00fcnsche f\u00fcr unsere\nZukunft und die unserer Welt.<\/p>\n\n\n\n<p>Ich k\u00f6nnte mir vorstellen, dass das f\u00fcr den ein oder andern hilfreich ist &#8211; auch f\u00fcr mich \ud83d\ude09<br>Mache dich am Besten ein paar Minuten fr\u00fcher bereit und lies dir zuerst die Vorbereitung durch, bevor du mit der Meditation um 4:45 Uhr startest.<\/p>\n\n\n\n<p>Diese k\u00f6nnen f\u00fcr jeden anders aussehen. Der eine m\u00f6chte vielleicht\nf\u00fcr die Natur, die Tiere, f\u00fcr Frieden oder die eigene Zukunft meditieren. Wenn du\ndir eine wundersch\u00f6ne Welt in Harmonie, Miteinander der Menschen in einer\ngesunden friedlichen Welt w\u00fcnscht, dann nimm diesen Wunsch als deine Absicht.<\/p>\n\n\n\n<p>Kreiere deine Zukunft. Wie sieht diese bessere Welt f\u00fcr dich aus? Stell sie dir vor, so als wenn du sie erlebst. Wie f\u00fchlst du dich in der neuen Welt zu leben? Wie sieht das aus? Was machst du? \u2026Du kannst dir auch Notizen machen, wenn dir das hilft.<\/p>\n\n\n\n<p><strong>Was ist deine Absicht mit dieser Meditation? <\/strong>Was ist deine Intention, deine Ausrichtung? Mit welcher Absicht gehst du in die Meditation? Was ist f\u00fcr dich wichtig?<\/p>\n\n\n\n<p>Wenn du bereit bist, dann starte die Meditation:<\/p>\n\n\n\n<figure class=\"wp-block-audio\"><audio controls src=\"https:\/\/bee-yourself.eu\/wp-content\/uploads\/2020\/04\/WeltMedi-April-2020.mp3\"><\/audio><\/figure>\n\n\n\n<p>Freue dich auf eine sch\u00f6ne neue Welt!<\/p>\n","protected":false},"excerpt":{"rendered":"<p>Weltweite Meditation am 5. April morgens um 4:45 Uhr Nutzen wir die optimale astrologische Konstellation zu diesem Zeitpunkt am Sonntag fr\u00fch um 4:45 Uhr und senden unsere W\u00fcnsche f\u00fcr unsere Zukunft und die unserer Welt. Ich k\u00f6nnte mir vorstellen, dass das f\u00fcr den ein oder andern hilfreich ist &#8211; auch f\u00fcr mich \ud83d\ude09Mache dich am &#8230; <a title=\"3 Meditation &#8222;Heilung der Erde von Corona&#8220;\" class=\"read-more\" href=\"https:\/\/bee-yourself.eu\/?page_id=398\">Weiterlesen <span class=\"screen-reader-text\">3 Meditation &#8222;Heilung der Erde von Corona&#8220;<\/span><\/a><\/p>\n","protected":false},"author":1,"featured_media":0,"parent":374,"menu_order":0,"comment_status":"closed","ping_status":"closed","template":"","meta":{"footnotes":""},"_links":{"self":[{"href":"https:\/\/bee-yourself.eu\/index.php?rest_route=\/wp\/v2\/pages\/398"}],"collection":[{"href":"https:\/\/bee-yourself.eu\/index.php?rest_route=\/wp\/v2\/pages"}],"about":[{"href":"https:\/\/bee-yourself.eu\/index.php?rest_route=\/wp\/v2\/types\/page"}],"author":[{"embeddable":true,"href":"https:\/\/bee-yourself.eu\/index.php?rest_route=\/wp\/v2\/users\/1"}],"replies":[{"embeddable":true,"href":"https:\/\/bee-yourself.eu\/index.php?rest_route=%2Fwp%2Fv2%2Fcomments&post=398"}],"version-history":[{"count":15,"href":"https:\/\/bee-yourself.eu\/index.php?rest_route=\/wp\/v2\/pages\/398\/revisions"}],"predecessor-version":[{"id":444,"href":"https:\/\/bee-yourself.eu\/index.php?rest_route=\/wp\/v2\/pages\/398\/revisions\/444"}],"up":[{"embeddable":true,"href":"https:\/\/bee-yourself.eu\/index.php?rest_route=\/wp\/v2\/pages\/374"}],"wp:attachment":[{"href":"https:\/\/bee-yourself.eu\/index.php?rest_route=%2Fwp%2Fv2%2Fmedia&parent=398"}],"curies":[{"name":"wp","href":"https:\/\/api.w.org\/{rel}","templated":true}]}}