{"id":472,"date":"2020-05-24T06:28:06","date_gmt":"2020-05-24T06:28:06","guid":{"rendered":"http:\/\/bee-yourself.eu\/?page_id=472"},"modified":"2020-05-26T17:22:38","modified_gmt":"2020-05-26T17:22:38","slug":"4-gottvertrauen","status":"publish","type":"page","link":"https:\/\/bee-yourself.eu\/?page_id=472","title":{"rendered":"4 Meditation Gottvertrauen"},"content":{"rendered":"\n<p>Unser aller Leben hat sich in den letzten zwei Monaten sehr ver\u00e4ndert. Erst die Angst vor dem Virus, dann der Lockdown und die dadurch entstandenen Ma\u00dfnahmen. Wohl bringen die Lockerungen, die nun nach und nach eingef\u00fchrt werden, wieder ein bisschen mehr von dem zur\u00fcck, was vor ein paar Wochen noch selbstverst\u00e4ndlich war, jedoch scheint es trotzdem so, dass wir weiterhin auf unser altes Leben und liebgewonnene Gewohnheiten auf unbestimmte Zeit &#8211; ja vielleicht f\u00fcr immer &#8211; verzichten m\u00fcssen. So wird auch nicht nur von unserer Regierung, sondern auch auf der spirituellen Ebene immer wieder gesagt: <\/p>\n\n\n\n<h3 class=\"has-text-color wp-block-heading\" style=\"color:#43a300\"><strong><em>Es wird nie wieder so sein wie es war!<\/em><\/strong><\/h3>\n\n\n\n<p>Es birgt schon gewisse Unsicherheiten, wenn man das so h\u00f6rt. Vor allem, wenn man gesagt bekommt, dass es alternativlos erst wieder ein normales Leben geben k\u00f6nne, wenn ein Impfstoff gefunden wird. Was bedeutet das f\u00fcr uns und die Menschheit? Wo bleibt die Selbstbestimmung? Viele Fragen tun sich auf\u2026  <\/p>\n\n\n\n<p>Umso wichtiger ist es, in all dem Durcheinander im Vertrauen zu bleiben, dass alles, was jetzt geschieht einen h\u00f6heren Sinn hat und dass wir unseren Fokus auf das Gute und die Liebe setzten. <strong>Denn wie schon gesagt, das, worauf wir den Fokus lenken, das w\u00e4chst<\/strong>  \u2763\ufe0f <\/p>\n\n\n\n<p>Aus diesem Anlass habe ich diese Meditation erstellt, die ich gerne mit euch teilen m\u00f6chte.<\/p>\n\n\n\n<p>In dieser Meditation wirst du geerdet, energetisch gereinigt und verbunden. Danach st\u00e4rken wir das Herz mit Liebe und Vertrauen \u2763\ufe0f   <\/p>\n\n\n\n<figure class=\"wp-block-audio\"><audio controls src=\"http:\/\/bee-yourself.eu\/wp-content\/uploads\/2020\/05\/Gottvertrauen-neue-Zeit.mp3\"><\/audio><\/figure>\n\n\n\n<p>Wenn dir diese Meditation gut getan hat, kannst du sie jederzeit wiederholen \ud83d\ude42<\/p>\n\n\n\n<p>Wir hoffen, bald einen guten Platz f\u00fcr die gemeinsame Meditationstreffen gefunden zu haben.<\/p>\n\n\n\n<p>Herzlich Astrid<\/p>\n","protected":false},"excerpt":{"rendered":"<p>Unser aller Leben hat sich in den letzten zwei Monaten sehr ver\u00e4ndert. Erst die Angst vor dem Virus, dann der Lockdown und die dadurch entstandenen Ma\u00dfnahmen. Wohl bringen die Lockerungen, die nun nach und nach eingef\u00fchrt werden, wieder ein bisschen mehr von dem zur\u00fcck, was vor ein paar Wochen noch selbstverst\u00e4ndlich war, jedoch scheint es &#8230; <a title=\"4 Meditation Gottvertrauen\" class=\"read-more\" href=\"https:\/\/bee-yourself.eu\/?page_id=472\">Weiterlesen <span class=\"screen-reader-text\">4 Meditation Gottvertrauen<\/span><\/a><\/p>\n","protected":false},"author":1,"featured_media":0,"parent":374,"menu_order":10,"comment_status":"closed","ping_status":"closed","template":"","meta":{"footnotes":""},"_links":{"self":[{"href":"https:\/\/bee-yourself.eu\/index.php?rest_route=\/wp\/v2\/pages\/472"}],"collection":[{"href":"https:\/\/bee-yourself.eu\/index.php?rest_route=\/wp\/v2\/pages"}],"about":[{"href":"https:\/\/bee-yourself.eu\/index.php?rest_route=\/wp\/v2\/types\/page"}],"author":[{"embeddable":true,"href":"https:\/\/bee-yourself.eu\/index.php?rest_route=\/wp\/v2\/users\/1"}],"replies":[{"embeddable":true,"href":"https:\/\/bee-yourself.eu\/index.php?rest_route=%2Fwp%2Fv2%2Fcomments&post=472"}],"version-history":[{"count":15,"href":"https:\/\/bee-yourself.eu\/index.php?rest_route=\/wp\/v2\/pages\/472\/revisions"}],"predecessor-version":[{"id":506,"href":"https:\/\/bee-yourself.eu\/index.php?rest_route=\/wp\/v2\/pages\/472\/revisions\/506"}],"up":[{"embeddable":true,"href":"https:\/\/bee-yourself.eu\/index.php?rest_route=\/wp\/v2\/pages\/374"}],"wp:attachment":[{"href":"https:\/\/bee-yourself.eu\/index.php?rest_route=%2Fwp%2Fv2%2Fmedia&parent=472"}],"curies":[{"name":"wp","href":"https:\/\/api.w.org\/{rel}","templated":true}]}}