{"id":514,"date":"2020-07-17T09:35:34","date_gmt":"2020-07-17T09:35:34","guid":{"rendered":"http:\/\/bee-yourself.eu\/?page_id=514"},"modified":"2020-07-18T10:05:04","modified_gmt":"2020-07-18T10:05:04","slug":"5-aktuelle-energiequalitaet","status":"publish","type":"page","link":"https:\/\/bee-yourself.eu\/?page_id=514","title":{"rendered":"5 aktuelle Energiequalit\u00e4t"},"content":{"rendered":"\n<p>Wir leben aktuell in einer sehr intensiven\nZeit mit vielen sp\u00fcrbaren Ver\u00e4nderungen auf physischer und energetischer Ebene.\nJeder von uns ist auf seine ganz individuelle Weise betroffen. Das kann uns physisch\nwie auch psychisch manchmal ganz sch\u00f6n herausfordern. <\/p>\n\n\n\n<p>Umso wichtiger, sich regelm\u00e4\u00dfig zu erden, Altes loszulassen und in seine Mitte zu kommen und auszurichten. <\/p>\n\n\n\n<p>Ganz besonders gut eigenen sich daf\u00fcr die <strong><a href=\"http:\/\/bee-yourself.eu\/?page_id=528\">Portaltage<\/a><\/strong>, in denen wir uns gerade befinden (14. Juli &#8211; 22. Juli). Diese erleichtern es uns, sich von alten Themen zu l\u00f6sen und unsere Energie auszugleichen und zu steigern. Sprich Transformation.<\/p>\n\n\n\n<figure class=\"wp-block-audio\"><audio controls src=\"http:\/\/bee-yourself.eu\/wp-content\/uploads\/2020\/07\/Portaltage-Juli-2020.mp3\"><\/audio><figcaption>Portaltage im Juli 2020 zum Treffen am Montag 20.07.2020<\/figcaption><\/figure>\n\n\n\n<p><strong>An diesem Abend werde ich kurz auf diese besonderen Tage und deren Wirkung und M\u00f6glichkeiten eingehen. Nach einer kleinen \u00dcbung machen wir eine entsprechende Meditation in einem wundersch\u00f6nen Garten\/alternativ in einem gro\u00dfen Raum in Paderborn. <\/strong><\/p>\n\n\n\n<p><strong>Mo., 20.07.2020; 19:00 \u2013 ca. 20:30 Uhr<br> <\/strong>Ort: Die genaue Adresse gebe ich separat bekannt!<\/p>\n\n\n\n<p><a href=\"http:\/\/bee-yourself.eu\/wp-content\/uploads\/2020\/07\/Einladung-Portaltage.jpg\" target=\"_blank\" rel=\"noreferrer noopener\" aria-label=\" (\u00f6ffnet in neuem Tab)\">Einladung downloaden<\/a><\/p>\n","protected":false},"excerpt":{"rendered":"<p>Wir leben aktuell in einer sehr intensiven Zeit mit vielen sp\u00fcrbaren Ver\u00e4nderungen auf physischer und energetischer Ebene. Jeder von uns ist auf seine ganz individuelle Weise betroffen. Das kann uns physisch wie auch psychisch manchmal ganz sch\u00f6n herausfordern. Umso wichtiger, sich regelm\u00e4\u00dfig zu erden, Altes loszulassen und in seine Mitte zu kommen und auszurichten. Ganz &#8230; <a title=\"5 aktuelle Energiequalit\u00e4t\" class=\"read-more\" href=\"https:\/\/bee-yourself.eu\/?page_id=514\">Weiterlesen <span class=\"screen-reader-text\">5 aktuelle Energiequalit\u00e4t<\/span><\/a><\/p>\n","protected":false},"author":1,"featured_media":0,"parent":374,"menu_order":12,"comment_status":"closed","ping_status":"closed","template":"","meta":{"footnotes":""},"_links":{"self":[{"href":"https:\/\/bee-yourself.eu\/index.php?rest_route=\/wp\/v2\/pages\/514"}],"collection":[{"href":"https:\/\/bee-yourself.eu\/index.php?rest_route=\/wp\/v2\/pages"}],"about":[{"href":"https:\/\/bee-yourself.eu\/index.php?rest_route=\/wp\/v2\/types\/page"}],"author":[{"embeddable":true,"href":"https:\/\/bee-yourself.eu\/index.php?rest_route=\/wp\/v2\/users\/1"}],"replies":[{"embeddable":true,"href":"https:\/\/bee-yourself.eu\/index.php?rest_route=%2Fwp%2Fv2%2Fcomments&post=514"}],"version-history":[{"count":7,"href":"https:\/\/bee-yourself.eu\/index.php?rest_route=\/wp\/v2\/pages\/514\/revisions"}],"predecessor-version":[{"id":547,"href":"https:\/\/bee-yourself.eu\/index.php?rest_route=\/wp\/v2\/pages\/514\/revisions\/547"}],"up":[{"embeddable":true,"href":"https:\/\/bee-yourself.eu\/index.php?rest_route=\/wp\/v2\/pages\/374"}],"wp:attachment":[{"href":"https:\/\/bee-yourself.eu\/index.php?rest_route=%2Fwp%2Fv2%2Fmedia&parent=514"}],"curies":[{"name":"wp","href":"https:\/\/api.w.org\/{rel}","templated":true}]}}