{"id":534,"date":"2020-07-18T07:58:16","date_gmt":"2020-07-18T07:58:16","guid":{"rendered":"http:\/\/bee-yourself.eu\/?page_id=534"},"modified":"2022-01-04T13:43:29","modified_gmt":"2022-01-04T13:43:29","slug":"portaltage-2020","status":"publish","type":"page","link":"https:\/\/bee-yourself.eu\/?page_id=534","title":{"rendered":"Portaltage 2022"},"content":{"rendered":"\n<p><strong>Januar 2022<br> <\/strong>Montag, 24. Januar<br> Dienstag, 25. Januar<br> Mittwoch, 26. Januar<br> Donnerstag, 27. Januar<br> Freitag, 28. Januar<br> Samstag, 29. Januar<br> Sonntag, 30. Januar<br> Montag, 31. Januar<\/p>\n\n\n\n<p><strong>Februar 2022<br>\n<\/strong>Samstag, 12. Februar<br>\nDienstag, 15. Februar<br>\nSonntag, 20. Februar<br>\nMittwoch, 23. Februar<\/p>\n\n\n\n<p><\/p>\n\n\n\n<p><strong>M\u00e4rz 2022<br> <\/strong>Donnerstag, 3. M\u00e4rz<br> Dienstag, 8. M\u00e4rz<br> Freitag, 11. M\u00e4rz<br> Mittwoch, 16. M\u00e4rz<br> Dienstag, 22. M\u00e4rz<br> Dienstag, 29. M\u00e4rz<br> Mittwoch, 30. M\u00e4rz<\/p>\n\n\n\n<p><strong>April 2022<br> <\/strong>Mittwoch, 6. April<br> Sonntag, 10. April<br> Mittwoch, 27. April<br> Freitag, 29. April<\/p>\n\n\n\n<p><strong>Mai 2022<br> <\/strong>Mittwoch, 18. Mai<br> Donnerstag, 19. Mai<\/p>\n\n\n\n<p><strong>Juni 2022<br> <\/strong>Dienstag, 7. Juni<br> Donnerstag, 9. Juni<br> Sonntag, 26. Juni<br> Donnerstag, 30. Juni<\/p>\n\n\n\n<p><strong>Juli 2022<br> <\/strong>Donnerstag, 7. Juli<br> Freitag, 8. Juli<br> Freitag, 15. Juli<br> Donnerstag 21. Juli<br> Dienstag, 26. Juli<br> Freitag, 29. Juli<\/p>\n\n\n\n<p><strong>August 2022<br> <\/strong>Mittwoch, 3. August<br> Donnerstag, 11. August<br> Sonntag, 14. August<br> Freitag, 19. August<br> Montag, 22. August<\/p>\n\n\n\n<p><strong>September 2022<br> <\/strong>Donnerstag, 1. September<br> Freitag, 2. September<br> Samstag, 3. September<br> Sonntag, 4. September<br> Montag, 5. September<br> Dienstag, 6. September<br> Mittwoch, 7. September<br> Donnerstag, 8. September<br> Freitag, 9. September<br> Samstag, 10. September<\/p>\n\n\n\n<p><strong>Oktober 2022<br> <\/strong>Dienstag 11. Oktober<br> Mittwoch, 12. Oktober<br> Donnerstag, 13. Oktober<br> Freitag, 14. Oktober<br> Samstag, 15. Oktober<br> Sonntag, 16. Oktober<br> Montag, 17. Oktober<br> Dienstag, 18. Oktober<br> Mittwoch, 19. Oktober<br> Donnerstag, 20. Oktober<br> Donnerstag, 30. Oktober<\/p>\n\n\n\n<p><strong>November 2022<br> <\/strong>Mittwoch, 2. November<br> Montag, 7. November<br> Donnerstag, 10. November<br> Freitag, 18. November<br> Mittwoch, 23. November<br> Samstag, 26. November<\/p>\n\n\n\n<p><strong>Dezember 2022<br> <\/strong>Donnerstag, 1. Dezember<br> Mittwoch, 7. Dezember<br> Mittwoch, 14. Dezember<br> Donnerstag, 15 Dezember<br> Donnerstag, 22. Dezember<br> Montag, 26. Dezember<\/p>\n","protected":false},"excerpt":{"rendered":"<p>Januar 2022 Montag, 24. Januar Dienstag, 25. Januar Mittwoch, 26. Januar Donnerstag, 27. Januar Freitag, 28. Januar Samstag, 29. Januar Sonntag, 30. Januar Montag, 31. Januar Februar 2022 Samstag, 12. Februar Dienstag, 15. Februar Sonntag, 20. Februar Mittwoch, 23. Februar M\u00e4rz 2022 Donnerstag, 3. M\u00e4rz Dienstag, 8. M\u00e4rz Freitag, 11. M\u00e4rz Mittwoch, 16. M\u00e4rz Dienstag, &#8230; <a title=\"Portaltage 2022\" class=\"read-more\" href=\"https:\/\/bee-yourself.eu\/?page_id=534\">Weiterlesen <span class=\"screen-reader-text\">Portaltage 2022<\/span><\/a><\/p>\n","protected":false},"author":1,"featured_media":0,"parent":0,"menu_order":0,"comment_status":"closed","ping_status":"closed","template":"","meta":{"footnotes":""},"_links":{"self":[{"href":"https:\/\/bee-yourself.eu\/index.php?rest_route=\/wp\/v2\/pages\/534"}],"collection":[{"href":"https:\/\/bee-yourself.eu\/index.php?rest_route=\/wp\/v2\/pages"}],"about":[{"href":"https:\/\/bee-yourself.eu\/index.php?rest_route=\/wp\/v2\/types\/page"}],"author":[{"embeddable":true,"href":"https:\/\/bee-yourself.eu\/index.php?rest_route=\/wp\/v2\/users\/1"}],"replies":[{"embeddable":true,"href":"https:\/\/bee-yourself.eu\/index.php?rest_route=%2Fwp%2Fv2%2Fcomments&post=534"}],"version-history":[{"count":2,"href":"https:\/\/bee-yourself.eu\/index.php?rest_route=\/wp\/v2\/pages\/534\/revisions"}],"predecessor-version":[{"id":677,"href":"https:\/\/bee-yourself.eu\/index.php?rest_route=\/wp\/v2\/pages\/534\/revisions\/677"}],"wp:attachment":[{"href":"https:\/\/bee-yourself.eu\/index.php?rest_route=%2Fwp%2Fv2%2Fmedia&parent=534"}],"curies":[{"name":"wp","href":"https:\/\/api.w.org\/{rel}","templated":true}]}}