{"id":555,"date":"2020-12-14T11:54:19","date_gmt":"2020-12-14T11:54:19","guid":{"rendered":"http:\/\/bee-yourself.eu\/?page_id=555"},"modified":"2022-01-04T13:04:58","modified_gmt":"2022-01-04T13:04:58","slug":"10-meditation-zur-adventszeit","status":"publish","type":"page","link":"https:\/\/bee-yourself.eu\/?page_id=555","title":{"rendered":"Workshop Jahreswechsel"},"content":{"rendered":"\n<h2 class=\"wp-block-heading\"><strong>Themenabend mit Meditation Zoom<\/strong><\/h2>\n\n\n\n<p><strong>Sonntag 02. Januar 2022 um 19 Uhr <\/strong><\/p>\n\n\n\n<p>In diesem Workshop geht es um den bewussten Jahreswechsel in dieser besonderen Zeit &#8211; im au\u00dfen und innen. Loslassen des Alten und Visualisieren den Neuen stehen im Vordergrund,  wie auch deine eigene Schwingung zu erh\u00f6hen und die Verbindung mit dir selbst zu verst\u00e4rken. <\/p>\n\n\n\n<figure class=\"wp-block-audio\"><audio controls src=\"http:\/\/bee-yourself.eu\/wp-content\/uploads\/2022\/01\/Ansage-Neujahr-2022.mp3\"><\/audio><figcaption>Ansage Neujahr 2022<\/figcaption><\/figure>\n\n\n\n<p>Mache dich ca. 15 Minuten vorher bereit, sodass du um 19 Uhr dabei sein kannst. Z\u00fcnde dir eine Kerze an und sorge daf\u00fcr, dass du ca. 1,5 Stunden ungest\u00f6rt bist und es dir gem\u00fctlich machen kannst. \ud83d\ude42 <\/p>\n\n\n\n<figure class=\"wp-block-audio\"><audio controls src=\"http:\/\/bee-yourself.eu\/wp-content\/uploads\/2022\/01\/Loslassen-Meditation-2022.mp3\"><\/audio><figcaption>Meditation Loslassen<\/figcaption><\/figure>\n\n\n\n<figure class=\"wp-block-audio\"><audio controls src=\"http:\/\/bee-yourself.eu\/wp-content\/uploads\/2022\/01\/Neujahr-Meditation-Visualisieren-2022.mp3\"><\/audio><figcaption>Meditation Visualisieren und Segnen des neuen Jahres 2022<\/figcaption><\/figure>\n\n\n\n<h3 class=\"has-luminous-vivid-orange-color has-text-color wp-block-heading\">\u00dcber einen <a href=\"http:\/\/bee-yourself.eu\/?page_id=484\">Energieausgleich <\/a>freue ich mich sehr!<\/h3>\n\n\n\n<p><\/p>\n","protected":false},"excerpt":{"rendered":"<p>Themenabend mit Meditation Zoom Sonntag 02. Januar 2022 um 19 Uhr In diesem Workshop geht es um den bewussten Jahreswechsel in dieser besonderen Zeit &#8211; im au\u00dfen und innen. Loslassen des Alten und Visualisieren den Neuen stehen im Vordergrund, wie auch deine eigene Schwingung zu erh\u00f6hen und die Verbindung mit dir selbst zu verst\u00e4rken. Mache &#8230; <a title=\"Workshop Jahreswechsel\" class=\"read-more\" href=\"https:\/\/bee-yourself.eu\/?page_id=555\">Weiterlesen <span class=\"screen-reader-text\">Workshop Jahreswechsel<\/span><\/a><\/p>\n","protected":false},"author":1,"featured_media":0,"parent":0,"menu_order":0,"comment_status":"closed","ping_status":"closed","template":"","meta":{"footnotes":""},"_links":{"self":[{"href":"https:\/\/bee-yourself.eu\/index.php?rest_route=\/wp\/v2\/pages\/555"}],"collection":[{"href":"https:\/\/bee-yourself.eu\/index.php?rest_route=\/wp\/v2\/pages"}],"about":[{"href":"https:\/\/bee-yourself.eu\/index.php?rest_route=\/wp\/v2\/types\/page"}],"author":[{"embeddable":true,"href":"https:\/\/bee-yourself.eu\/index.php?rest_route=\/wp\/v2\/users\/1"}],"replies":[{"embeddable":true,"href":"https:\/\/bee-yourself.eu\/index.php?rest_route=%2Fwp%2Fv2%2Fcomments&post=555"}],"version-history":[{"count":16,"href":"https:\/\/bee-yourself.eu\/index.php?rest_route=\/wp\/v2\/pages\/555\/revisions"}],"predecessor-version":[{"id":672,"href":"https:\/\/bee-yourself.eu\/index.php?rest_route=\/wp\/v2\/pages\/555\/revisions\/672"}],"wp:attachment":[{"href":"https:\/\/bee-yourself.eu\/index.php?rest_route=%2Fwp%2Fv2%2Fmedia&parent=555"}],"curies":[{"name":"wp","href":"https:\/\/api.w.org\/{rel}","templated":true}]}}