{"id":564,"date":"2020-12-14T12:14:42","date_gmt":"2020-12-14T12:14:42","guid":{"rendered":"http:\/\/bee-yourself.eu\/?page_id=564"},"modified":"2020-12-20T21:13:57","modified_gmt":"2020-12-20T21:13:57","slug":"rauhnaechte-2020","status":"publish","type":"page","link":"https:\/\/bee-yourself.eu\/?page_id=564","title":{"rendered":"Rauhn\u00e4chte 2020"},"content":{"rendered":"\n<p>Zu diesem Jahreswechsel biete ich die Begleitung der Rauhn\u00e4chte (24.12.-01.06.) an. <br>Diese sollten eigentlich mit einem pers\u00f6nlichen Workshop zur Wintersonnenwende beginnen. Aus aktuellem Anlass findet der Einf\u00fchrungstermin nun online \u00fcber <strong>Zoom<\/strong> statt.<\/p>\n\n\n\n<h2 class=\"wp-block-heading\"><strong>Sonntag, den 20. Dez. 2020 um 20:00 Uhr<\/strong><\/h2>\n\n\n\n<p>Ich bitte um Anmeldung zu diesem Termin !<\/p>\n\n\n\n<figure class=\"wp-block-audio\"><audio controls src=\"https:\/\/bee-yourself.eu\/wp-content\/uploads\/2020\/12\/Rauhnaechte-Terra-Musica.mp3\"><\/audio><figcaption>Sound: <a href=\"https:\/\/www.youtube.com\/watch?v=I1WOiaAe26E\">Rauhnaechte-Terra-Musica<\/a><\/figcaption><\/figure>\n\n\n\n<p><strong>Was du\nbrauchst:<\/strong><strong><\/strong><\/p>\n\n\n\n<ul><li>13 kleine gleiche Zettel, sodass man sie nicht unterscheiden kann<\/li><li>Stift<\/li><li>Beh\u00e4ltnis: Beutel, verschlie\u00dfbares Glas, Dose oder Schachtel<\/li><\/ul>\n\n\n\n<p>Wenn du das Ritual der Rauhn\u00e4chte feiern m\u00f6chtest, gibt es hier ein paar Tipps, was du alles brauchst.<\/p>\n\n\n\n<h2 class=\"wp-block-heading\"><strong>Vorbereitungen f\u00fcr die Rauhn\u00e4chte<\/strong><\/h2>\n\n\n\n<p><strong>Meditationsplatz:<\/strong> Suche dir in deiner Wohnung einen Platz, an dem du dich wohlf\u00fchlst und ungest\u00f6rt sein kannst. Hier kannst du alles vorbereiten und zurechtlegen.<\/p>\n\n\n<p><strong>Das brauchst du alles f\u00fcr die Rauhn\u00e4chte:<\/strong><\/p>\n<ul>\n<li style=\"list-style-type: none;\">\n<ul>\n<li>Kerze<\/li>\n<li>Tuch oder kleine Tischdecke f\u00fcr deinen Platz zum darunterlegen<\/li>\n<li>Kleines Tagebuch (Notizheft)<\/li>\n<li>Stift<\/li>\n<li><strong>R\u00e4ucherzubeh\u00f6r:<\/strong>\n<ul>\n<li>feuerfestes Gef\u00e4\u00df mit etwas Sand<\/li>\n<li>R\u00e4ucherkohle (12 x gibt es bei Thalia)<\/li>\n<\/ul>\n<\/li>\n<li><strong><strong>R\u00e4ucherwerk: <\/strong><\/strong>Salbei, Beifu\u00df, Lorbeer, Rosmarin, Thymian, Lavendel, K\u00f6nigskerze, Johanniskraut<br \/>(wenn du keines mehr bekommen solltest, kannst du ich gerne an mich wenden)<\/li>\n<li>Orakelkarten sind ein weiteres Hilfsmittel (z.B. Tarotkarten o.\u00e4.)<\/li>\n<\/ul>\n<\/li>\n<\/ul>\n\n\n<p><a href=\"http:\/\/bee-yourself.eu\/?page_id=604\"><strong>Downloads zum Weiterarbeiten<\/strong><\/a><\/p>\n","protected":false},"excerpt":{"rendered":"<p>Zu diesem Jahreswechsel biete ich die Begleitung der Rauhn\u00e4chte (24.12.-01.06.) an. Diese sollten eigentlich mit einem pers\u00f6nlichen Workshop zur Wintersonnenwende beginnen. Aus aktuellem Anlass findet der Einf\u00fchrungstermin nun online \u00fcber Zoom statt. Sonntag, den 20. Dez. 2020 um 20:00 Uhr Ich bitte um Anmeldung zu diesem Termin ! Was du brauchst: 13 kleine gleiche Zettel, &#8230; <a title=\"Rauhn\u00e4chte 2020\" class=\"read-more\" href=\"https:\/\/bee-yourself.eu\/?page_id=564\">Weiterlesen <span class=\"screen-reader-text\">Rauhn\u00e4chte 2020<\/span><\/a><\/p>\n","protected":false},"author":1,"featured_media":0,"parent":0,"menu_order":0,"comment_status":"closed","ping_status":"closed","template":"","meta":{"footnotes":""},"_links":{"self":[{"href":"https:\/\/bee-yourself.eu\/index.php?rest_route=\/wp\/v2\/pages\/564"}],"collection":[{"href":"https:\/\/bee-yourself.eu\/index.php?rest_route=\/wp\/v2\/pages"}],"about":[{"href":"https:\/\/bee-yourself.eu\/index.php?rest_route=\/wp\/v2\/types\/page"}],"author":[{"embeddable":true,"href":"https:\/\/bee-yourself.eu\/index.php?rest_route=\/wp\/v2\/users\/1"}],"replies":[{"embeddable":true,"href":"https:\/\/bee-yourself.eu\/index.php?rest_route=%2Fwp%2Fv2%2Fcomments&post=564"}],"version-history":[{"count":15,"href":"https:\/\/bee-yourself.eu\/index.php?rest_route=\/wp\/v2\/pages\/564\/revisions"}],"predecessor-version":[{"id":617,"href":"https:\/\/bee-yourself.eu\/index.php?rest_route=\/wp\/v2\/pages\/564\/revisions\/617"}],"wp:attachment":[{"href":"https:\/\/bee-yourself.eu\/index.php?rest_route=%2Fwp%2Fv2%2Fmedia&parent=564"}],"curies":[{"name":"wp","href":"https:\/\/api.w.org\/{rel}","templated":true}]}}