{"id":577,"date":"2020-12-15T18:38:17","date_gmt":"2020-12-15T18:38:17","guid":{"rendered":"http:\/\/bee-yourself.eu\/?page_id=577"},"modified":"2021-01-03T07:39:36","modified_gmt":"2021-01-03T07:39:36","slug":"meditation-zur-adventszeit","status":"publish","type":"page","link":"https:\/\/bee-yourself.eu\/?page_id=577","title":{"rendered":"Meditation zur Adventszeit"},"content":{"rendered":"\n<p>Nimm dir ein bisschen Zeit und mache es dir bequem. Klicke um 20 Uhr auf den Startknopf, dann k\u00f6nnen wir uns alle miteinander verbinden.<br>Im Anschluss kannst du noch unten ein bisschen Musik nachh\u00f6ren&#8230;<\/p>\n\n\n\n<figure class=\"wp-block-audio\"><audio controls src=\"http:\/\/bee-yourself.eu\/wp-content\/uploads\/2020\/12\/Meditation-zum-Advent.mp3\"><\/audio><\/figure>\n\n\n\n<p>Und wenn du magst, sehen und h\u00f6ren wir uns am Sonntag, den 20. Dezember 2020 um 20 Uhr auf Zoom zu einem Workshop zum Thema <a href=\"http:\/\/bee-yourself.eu\/?page_id=564\">Wintersonnenwende und Rauhn\u00e4chte<\/a>. <\/p>\n\n\n\n<figure class=\"wp-block-embed-youtube wp-block-embed is-type-video is-provider-youtube wp-embed-aspect-16-9 wp-has-aspect-ratio\"><div class=\"wp-block-embed__wrapper\">\n<iframe loading=\"lazy\" title=\"SEOM - STERNENSTAUB (Offizielles Video)\" width=\"1200\" height=\"675\" src=\"https:\/\/www.youtube.com\/embed\/WpEH0IK9We0?feature=oembed\" frameborder=\"0\" allow=\"accelerometer; autoplay; clipboard-write; encrypted-media; gyroscope; picture-in-picture\" allowfullscreen><\/iframe>\n<\/div><\/figure>\n","protected":false},"excerpt":{"rendered":"<p>Nimm dir ein bisschen Zeit und mache es dir bequem. Klicke um 20 Uhr auf den Startknopf, dann k\u00f6nnen wir uns alle miteinander verbinden.Im Anschluss kannst du noch unten ein bisschen Musik nachh\u00f6ren&#8230; Und wenn du magst, sehen und h\u00f6ren wir uns am Sonntag, den 20. Dezember 2020 um 20 Uhr auf Zoom zu einem &#8230; <a title=\"Meditation zur Adventszeit\" class=\"read-more\" href=\"https:\/\/bee-yourself.eu\/?page_id=577\">Weiterlesen <span class=\"screen-reader-text\">Meditation zur Adventszeit<\/span><\/a><\/p>\n","protected":false},"author":1,"featured_media":0,"parent":0,"menu_order":0,"comment_status":"closed","ping_status":"closed","template":"","meta":{"footnotes":""},"_links":{"self":[{"href":"https:\/\/bee-yourself.eu\/index.php?rest_route=\/wp\/v2\/pages\/577"}],"collection":[{"href":"https:\/\/bee-yourself.eu\/index.php?rest_route=\/wp\/v2\/pages"}],"about":[{"href":"https:\/\/bee-yourself.eu\/index.php?rest_route=\/wp\/v2\/types\/page"}],"author":[{"embeddable":true,"href":"https:\/\/bee-yourself.eu\/index.php?rest_route=\/wp\/v2\/users\/1"}],"replies":[{"embeddable":true,"href":"https:\/\/bee-yourself.eu\/index.php?rest_route=%2Fwp%2Fv2%2Fcomments&post=577"}],"version-history":[{"count":10,"href":"https:\/\/bee-yourself.eu\/index.php?rest_route=\/wp\/v2\/pages\/577\/revisions"}],"predecessor-version":[{"id":594,"href":"https:\/\/bee-yourself.eu\/index.php?rest_route=\/wp\/v2\/pages\/577\/revisions\/594"}],"wp:attachment":[{"href":"https:\/\/bee-yourself.eu\/index.php?rest_route=%2Fwp%2Fv2%2Fmedia&parent=577"}],"curies":[{"name":"wp","href":"https:\/\/api.w.org\/{rel}","templated":true}]}}