{"id":604,"date":"2020-12-20T21:03:37","date_gmt":"2020-12-20T21:03:37","guid":{"rendered":"http:\/\/bee-yourself.eu\/?page_id=604"},"modified":"2020-12-20T21:17:59","modified_gmt":"2020-12-20T21:17:59","slug":"downloads-zum-weitermachen","status":"publish","type":"page","link":"https:\/\/bee-yourself.eu\/?page_id=604","title":{"rendered":"Downloads den Rauhn\u00e4chten"},"content":{"rendered":"\n<p><strong>Wenn du magst, k\u00f6nnte ich w\u00e4hrend der Rauhn\u00e4chte die Tagesqualit\u00e4ten in die Gruppe schreiben. Melde dich einfach, wenn du Interesse hast.<\/strong><\/p>\n\n\n\n<p><a href=\"http:\/\/bee-yourself.eu\/wp-content\/uploads\/2020\/12\/Rauhn\u00e4chte-t\u00e4gliches-Ritual.pdf\">Rauhn\u00e4chte &#8211; t\u00e4gliches Ritual<\/a><\/p>\n\n\n\n<p><a href=\"http:\/\/bee-yourself.eu\/wp-content\/uploads\/2020\/12\/Rauhnachtritual-13-W\u00fcnsche.pdf\">Rauhnachtritual 13 W\u00fcnsche<\/a><\/p>\n\n\n\n<p><a href=\"http:\/\/bee-yourself.eu\/wp-content\/uploads\/2020\/12\/Wintersonnenwende-Ritual-Loslassen.pdf\">Wintersonnenwende &#8211; Ritual Loslassen<\/a><\/p>\n","protected":false},"excerpt":{"rendered":"<p>Wenn du magst, k\u00f6nnte ich w\u00e4hrend der Rauhn\u00e4chte die Tagesqualit\u00e4ten in die Gruppe schreiben. Melde dich einfach, wenn du Interesse hast. Rauhn\u00e4chte &#8211; t\u00e4gliches Ritual Rauhnachtritual 13 W\u00fcnsche Wintersonnenwende &#8211; Ritual Loslassen<\/p>\n","protected":false},"author":1,"featured_media":0,"parent":0,"menu_order":0,"comment_status":"closed","ping_status":"closed","template":"","meta":{"footnotes":""},"_links":{"self":[{"href":"https:\/\/bee-yourself.eu\/index.php?rest_route=\/wp\/v2\/pages\/604"}],"collection":[{"href":"https:\/\/bee-yourself.eu\/index.php?rest_route=\/wp\/v2\/pages"}],"about":[{"href":"https:\/\/bee-yourself.eu\/index.php?rest_route=\/wp\/v2\/types\/page"}],"author":[{"embeddable":true,"href":"https:\/\/bee-yourself.eu\/index.php?rest_route=\/wp\/v2\/users\/1"}],"replies":[{"embeddable":true,"href":"https:\/\/bee-yourself.eu\/index.php?rest_route=%2Fwp%2Fv2%2Fcomments&post=604"}],"version-history":[{"count":9,"href":"https:\/\/bee-yourself.eu\/index.php?rest_route=\/wp\/v2\/pages\/604\/revisions"}],"predecessor-version":[{"id":622,"href":"https:\/\/bee-yourself.eu\/index.php?rest_route=\/wp\/v2\/pages\/604\/revisions\/622"}],"wp:attachment":[{"href":"https:\/\/bee-yourself.eu\/index.php?rest_route=%2Fwp%2Fv2%2Fmedia&parent=604"}],"curies":[{"name":"wp","href":"https:\/\/api.w.org\/{rel}","templated":true}]}}