{"id":77,"date":"2020-03-22T00:06:05","date_gmt":"2020-03-22T00:06:05","guid":{"rendered":"http:\/\/bee-yourself.eu\/?page_id=77"},"modified":"2020-04-02T23:31:59","modified_gmt":"2020-04-02T23:31:59","slug":"online-meditation","status":"publish","type":"page","link":"https:\/\/bee-yourself.eu\/?page_id=77","title":{"rendered":"1 Meditation &#8222;Virus der Liebe&#8220;"},"content":{"rendered":"\n<div class=\"wp-block-image\"><figure class=\"alignright size-large\"><img loading=\"lazy\" decoding=\"async\" width=\"40\" height=\"40\" src=\"https:\/\/bee-yourself.eu\/wp-content\/uploads\/2020\/03\/herz5.gif\" alt=\"\" class=\"wp-image-241\"\/><\/figure><\/div>\n\n\n\n<p>Wir werden uns wieder miteinander verbinden und gemeinsam eine gef\u00fchrte Meditation online machen. H\u00f6re dir noch meinen Begr\u00fc\u00dfungstext an!<\/p>\n\n\n\n<figure class=\"wp-block-audio\"><audio controls src=\"http:\/\/bee-yourself.eu\/wp-content\/uploads\/2020\/03\/Welcome.mp3\"><\/audio><figcaption> Ansage: Willkommen <\/figcaption><\/figure>\n\n\n\n<figure class=\"wp-block-audio\"><audio controls src=\"http:\/\/bee-yourself.eu\/wp-content\/uploads\/2020\/03\/Corona-Ank.mp3\"><\/audio><figcaption>Vorbereitung auf die Meditation<\/figcaption><\/figure>\n\n\n\n<p><strong>Tipps: <\/strong><\/p>\n\n\n\n<ul><li>Schalte zeitig deinen Rechner ein. <\/li><li>Dr\u00fccke noch die Taste F5 um zu Aktualisieren<\/li><li>Stelle wenn du magst, eine Kerze auf. <\/li><li>Sorge daf\u00fcr, dass du f\u00fcr ca. 20 Minuten ungest\u00f6rt bist. <\/li><li>Benutze Kopfh\u00f6rer oder schlie\u00dfe dein Ger\u00e4t an einer Box an.<\/li><\/ul>\n\n\n\n<p><strong>Meditation:<\/strong> <br>&#8222;Verbreiten des Virus der Liebe mit Schutz vor Viren, die nicht zu unserem Wohl sind&#8220;  <\/p>\n\n\n\n<figure class=\"wp-block-audio\"><audio controls src=\"http:\/\/bee-yourself.eu\/wp-content\/uploads\/2020\/03\/Virus-der-Liebe-mit-Corona-Schutz.mp3\"><\/audio><\/figure>\n\n\n\n<p>Anschlie\u00dfend kannst du den Song von Udo Lindenberg anh\u00f6ren:<br>&#8222;Wir ziehen in den Frieden&#8220;<\/p>\n\n\n\n<figure class=\"wp-block-embed-youtube wp-block-embed is-type-video is-provider-youtube wp-embed-aspect-16-9 wp-has-aspect-ratio\"><div class=\"wp-block-embed__wrapper\">\n<iframe loading=\"lazy\" title=\"Udo Lindenberg - Wir ziehen in den Frieden feat. KIDS ON STAGE (offizielles Video)\" width=\"1200\" height=\"675\" src=\"https:\/\/www.youtube.com\/embed\/oeFwTPyhY8Y?feature=oembed\" frameborder=\"0\" allow=\"accelerometer; autoplay; encrypted-media; gyroscope; picture-in-picture\" allowfullscreen><\/iframe>\n<\/div><\/figure>\n\n\n\n<p>und\/oder&#8230;<\/p>\n\n\n\n<figure class=\"wp-block-embed-youtube wp-block-embed is-type-video is-provider-youtube wp-embed-aspect-16-9 wp-has-aspect-ratio\"><div class=\"wp-block-embed__wrapper\">\n<iframe loading=\"lazy\" title=\"SEBEL- Zusammenstehen (Corona Virus Lied)\" width=\"1200\" height=\"675\" src=\"https:\/\/www.youtube.com\/embed\/tOG6gzkNZV4?feature=oembed\" frameborder=\"0\" allow=\"accelerometer; autoplay; encrypted-media; gyroscope; picture-in-picture\" allowfullscreen><\/iframe>\n<\/div><\/figure>\n","protected":false},"excerpt":{"rendered":"<p>Wir werden uns wieder miteinander verbinden und gemeinsam eine gef\u00fchrte Meditation online machen. H\u00f6re dir noch meinen Begr\u00fc\u00dfungstext an! Tipps: Schalte zeitig deinen Rechner ein. Dr\u00fccke noch die Taste F5 um zu Aktualisieren Stelle wenn du magst, eine Kerze auf. Sorge daf\u00fcr, dass du f\u00fcr ca. 20 Minuten ungest\u00f6rt bist. Benutze Kopfh\u00f6rer oder schlie\u00dfe dein &#8230; <a title=\"1 Meditation &#8222;Virus der Liebe&#8220;\" class=\"read-more\" href=\"https:\/\/bee-yourself.eu\/?page_id=77\">Weiterlesen <span class=\"screen-reader-text\">1 Meditation &#8222;Virus der Liebe&#8220;<\/span><\/a><\/p>\n","protected":false},"author":1,"featured_media":0,"parent":374,"menu_order":10,"comment_status":"closed","ping_status":"closed","template":"","meta":{"footnotes":""},"_links":{"self":[{"href":"https:\/\/bee-yourself.eu\/index.php?rest_route=\/wp\/v2\/pages\/77"}],"collection":[{"href":"https:\/\/bee-yourself.eu\/index.php?rest_route=\/wp\/v2\/pages"}],"about":[{"href":"https:\/\/bee-yourself.eu\/index.php?rest_route=\/wp\/v2\/types\/page"}],"author":[{"embeddable":true,"href":"https:\/\/bee-yourself.eu\/index.php?rest_route=\/wp\/v2\/users\/1"}],"replies":[{"embeddable":true,"href":"https:\/\/bee-yourself.eu\/index.php?rest_route=%2Fwp%2Fv2%2Fcomments&post=77"}],"version-history":[{"count":26,"href":"https:\/\/bee-yourself.eu\/index.php?rest_route=\/wp\/v2\/pages\/77\/revisions"}],"predecessor-version":[{"id":416,"href":"https:\/\/bee-yourself.eu\/index.php?rest_route=\/wp\/v2\/pages\/77\/revisions\/416"}],"up":[{"embeddable":true,"href":"https:\/\/bee-yourself.eu\/index.php?rest_route=\/wp\/v2\/pages\/374"}],"wp:attachment":[{"href":"https:\/\/bee-yourself.eu\/index.php?rest_route=%2Fwp%2Fv2%2Fmedia&parent=77"}],"curies":[{"name":"wp","href":"https:\/\/api.w.org\/{rel}","templated":true}]}}